{"id":165,"date":"2023-06-05T19:20:26","date_gmt":"2023-06-05T19:20:26","guid":{"rendered":"https:\/\/christian-boedecker.de\/?page_id=165"},"modified":"2023-06-05T19:28:13","modified_gmt":"2023-06-05T19:28:13","slug":"kontakt","status":"publish","type":"page","link":"https:\/\/christian-boedecker.de\/index.php\/kontakt\/","title":{"rendered":""},"content":{"rendered":"\t\t<div data-elementor-type=\"wp-page\" data-elementor-id=\"165\" class=\"elementor elementor-165\">\n\t\t\t\t\t\t<section class=\"elementor-section elementor-top-section elementor-element elementor-element-6d5f2228 elementor-section-boxed elementor-section-height-default elementor-section-height-default\" data-id=\"6d5f2228\" data-element_type=\"section\">\n\t\t\t\t\t\t<div class=\"elementor-container elementor-column-gap-default\">\n\t\t\t\t\t<div class=\"elementor-column elementor-col-100 elementor-top-column elementor-element elementor-element-245a962a\" data-id=\"245a962a\" data-element_type=\"column\">\n\t\t\t<div class=\"elementor-widget-wrap elementor-element-populated\">\n\t\t\t\t\t\t<div class=\"elementor-element elementor-element-31393215 elementor-widget elementor-widget-text-editor\" data-id=\"31393215\" data-element_type=\"widget\" data-widget_type=\"text-editor.default\">\n\t\t\t\t<div class=\"elementor-widget-container\">\n\t\t\t\t\t\t\t\t\t<p class=\"MsoNormal\" style=\"font-size: medium; font-style: normal; margin: 0cm; font-family: Calibri, sans-serif; caret-color: #000000; color: #000000; line-height: 24px;\"><b><span style=\"font-family: Verdana, sans-serif;\">Christian B\u00f6decker\u00a0<\/span><\/b><\/p>\n<p class=\"MsoNormal\" style=\"font-size: medium; font-style: normal; margin: 0cm; font-family: Calibri, sans-serif; caret-color: #000000; color: #000000; line-height: 18.4px;\"><span style=\"font-size: 8pt; line-height: 12.266667px; font-family: Verdana, sans-serif;\">MRICS<\/span><\/p>\n<p class=\"MsoNormal\" style=\"font-size: medium; font-style: normal; margin: 0cm; font-family: Calibri, sans-serif; caret-color: #000000; color: #000000; line-height: 18.4px;\"><span style=\"font-size: 8pt; line-height: 12.266667px; font-family: Verdana, sans-serif;\">Dipl.-Ing. agr.<\/span><\/p>\n<p class=\"MsoNormal\" style=\"font-size: medium; font-style: normal; margin: 0cm; font-family: Calibri, sans-serif; caret-color: #000000; color: #000000; line-height: 18.4px;\"><span lang=\"EN-US\" style=\"font-size: 8pt; line-height: 12.266667px; font-family: Verdana, sans-serif;\">RICS Registered Valuer<\/span><\/p>\n<p class=\"MsoNormal\" style=\"font-size: medium; font-style: normal; margin: 0cm; font-family: Calibri, sans-serif; caret-color: #000000; color: #000000; line-height: 18.4px;\"><span style=\"font-size: 8pt; line-height: 12.266667px; font-family: Verdana, sans-serif;\">\u00f6buv. Sachverst\u00e4ndiger<\/span><\/p>\n<p class=\"MsoNormal\" style=\"font-size: medium; font-style: normal; margin: 0cm; font-family: Calibri, sans-serif; caret-color: #000000; color: #000000; line-height: 18.4px;\"><span style=\"font-size: 8pt; line-height: 12.266667px; font-family: Verdana, sans-serif;\">CIS HypZert F<\/span><\/p>\n<p class=\"MsoNormal\" style=\"font-size: medium; font-style: normal; margin: 0cm; font-family: Calibri, sans-serif; caret-color: #000000; color: #000000; line-height: 24px;\"><span style=\"font-family: Verdana, sans-serif;\">\u00a0<\/span><\/p>\n<p class=\"MsoNormal\" style=\"font-size: medium; font-style: normal; margin: 0cm; font-family: Calibri, sans-serif; caret-color: #000000; color: #000000; line-height: 24px;\"><span style=\"font-family: Verdana, sans-serif;\">Am Distelborn 10<\/span><\/p>\n<p class=\"MsoNormal\" style=\"font-size: medium; font-style: normal; margin: 0cm; font-family: Calibri, sans-serif; caret-color: #000000; color: #000000; line-height: 24px;\"><span style=\"font-family: Verdana, sans-serif;\">31275 Lehrte<\/span><\/p>\n<p class=\"MsoNormal\" style=\"font-size: medium; font-style: normal; margin: 0cm; font-family: Calibri, sans-serif; caret-color: #000000; color: #000000; line-height: 24px;\"><span style=\"font-family: Verdana, sans-serif;\">T +<\/span><span style=\"font-family: Arial, sans-serif;\">\u2009<\/span><span style=\"font-family: Verdana, sans-serif;\">49<\/span><span style=\"font-family: Arial, sans-serif;\">\u2009<\/span><span style=\"font-family: Verdana, sans-serif;\">(0)<\/span><span style=\"font-family: Arial, sans-serif;\">\u2009<\/span><span style=\"font-family: Verdana, sans-serif;\">51<\/span><span style=\"font-family: Arial, sans-serif;\">\u2009<\/span><span style=\"font-family: Verdana, sans-serif;\">32 1818<\/span><\/p>\n<p class=\"MsoNormal\" style=\"font-size: medium; font-style: normal; margin: 0cm; font-family: Calibri, sans-serif; caret-color: #000000; color: #000000; line-height: 24px;\"><span style=\"font-family: Verdana, sans-serif;\">E-Mail: buero@christian-boedecker.de<\/span><\/p>\t\t\t\t\t\t\t\t<\/div>\n\t\t\t\t<\/div>\n\t\t\t\t\t<\/div>\n\t\t<\/div>\n\t\t\t\t\t<\/div>\n\t\t<\/section>\n\t\t\t\t<\/div>\n\t\t","protected":false},"excerpt":{"rendered":"<p>Christian B\u00f6decker&nbsp; MRICS Dipl.-Ing. agr. RICS Registered Valuer \u00f6buv. Sachverst\u00e4ndiger CIS HypZert F Am Distelborn 10 31275 Lehrte T +\u200949\u2009(0)\u200951\u200932 1818 E-Mail: buero@christian-boedecker.de<\/p>\n","protected":false},"author":1,"featured_media":0,"parent":0,"menu_order":0,"comment_status":"closed","ping_status":"closed","template":"","meta":{"site-sidebar-layout":"default","site-content-layout":"","ast-site-content-layout":"","site-content-style":"default","site-sidebar-style":"default","ast-global-header-display":"","ast-banner-title-visibility":"","ast-main-header-display":"","ast-hfb-above-header-display":"","ast-hfb-below-header-display":"","ast-hfb-mobile-header-display":"","site-post-title":"","ast-breadcrumbs-content":"","ast-featured-img":"","footer-sml-layout":"","theme-transparent-header-meta":"","adv-header-id-meta":"","stick-header-meta":"","header-above-stick-meta":"","header-main-stick-meta":"","header-below-stick-meta":"","astra-migrate-meta-layouts":"default","ast-page-background-enabled":"default","ast-page-background-meta":{"desktop":{"background-color":"var(--ast-global-color-4)","background-image":"","background-repeat":"repeat","background-position":"center center","background-size":"auto","background-attachment":"scroll","background-type":"","background-media":"","overlay-type":"","overlay-color":"","overlay-opacity":"","overlay-gradient":""},"tablet":{"background-color":"","background-image":"","background-repeat":"repeat","background-position":"center center","background-size":"auto","background-attachment":"scroll","background-type":"","background-media":"","overlay-type":"","overlay-color":"","overlay-opacity":"","overlay-gradient":""},"mobile":{"background-color":"","background-image":"","background-repeat":"repeat","background-position":"center center","background-size":"auto","background-attachment":"scroll","background-type":"","background-media":"","overlay-type":"","overlay-color":"","overlay-opacity":"","overlay-gradient":""}},"ast-content-background-meta":{"desktop":{"background-color":"var(--ast-global-color-5)","background-image":"","background-repeat":"repeat","background-position":"center center","background-size":"auto","background-attachment":"scroll","background-type":"","background-media":"","overlay-type":"","overlay-color":"","overlay-opacity":"","overlay-gradient":""},"tablet":{"background-color":"var(--ast-global-color-5)","background-image":"","background-repeat":"repeat","background-position":"center center","background-size":"auto","background-attachment":"scroll","background-type":"","background-media":"","overlay-type":"","overlay-color":"","overlay-opacity":"","overlay-gradient":""},"mobile":{"background-color":"var(--ast-global-color-5)","background-image":"","background-repeat":"repeat","background-position":"center center","background-size":"auto","background-attachment":"scroll","background-type":"","background-media":"","overlay-type":"","overlay-color":"","overlay-opacity":"","overlay-gradient":""}},"footnotes":""},"class_list":["post-165","page","type-page","status-publish","hentry"],"_links":{"self":[{"href":"https:\/\/christian-boedecker.de\/index.php\/wp-json\/wp\/v2\/pages\/165","targetHints":{"allow":["GET"]}}],"collection":[{"href":"https:\/\/christian-boedecker.de\/index.php\/wp-json\/wp\/v2\/pages"}],"about":[{"href":"https:\/\/christian-boedecker.de\/index.php\/wp-json\/wp\/v2\/types\/page"}],"author":[{"embeddable":true,"href":"https:\/\/christian-boedecker.de\/index.php\/wp-json\/wp\/v2\/users\/1"}],"replies":[{"embeddable":true,"href":"https:\/\/christian-boedecker.de\/index.php\/wp-json\/wp\/v2\/comments?post=165"}],"version-history":[{"count":21,"href":"https:\/\/christian-boedecker.de\/index.php\/wp-json\/wp\/v2\/pages\/165\/revisions"}],"predecessor-version":[{"id":189,"href":"https:\/\/christian-boedecker.de\/index.php\/wp-json\/wp\/v2\/pages\/165\/revisions\/189"}],"wp:attachment":[{"href":"https:\/\/christian-boedecker.de\/index.php\/wp-json\/wp\/v2\/media?parent=165"}],"curies":[{"name":"wp","href":"https:\/\/api.w.org\/{rel}","templated":true}]}}